{"id":744,"date":"2025-12-20T13:16:02","date_gmt":"2025-12-20T13:16:02","guid":{"rendered":"https:\/\/www.realchangeoffice.ch\/?page_id=744"},"modified":"2026-02-24T21:04:02","modified_gmt":"2026-02-24T21:04:02","slug":"chi-siamo-realchange-realchangeoffice","status":"publish","type":"page","link":"https:\/\/www.realchangeoffice.ch\/de\/chi-siamo-realchange-realchangeoffice\/","title":{"rendered":"\u00dcber uns"},"content":{"rendered":"<p>[et_pb_section fb_built=&#8221;1&#8243; _builder_version=&#8221;4.27.5&#8243; _module_preset=&#8221;default&#8221; background_color=&#8221;#000000&#8243; use_background_color_gradient=&#8221;on&#8221; background_color_gradient_stops=&#8221;#000000 74%|#161412 100%&#8221; module_alignment=&#8221;center&#8221; max_height=&#8221;216px&#8221; overflow-y=&#8221;visible&#8221; sticky_position=&#8221;top&#8221; motion_trigger_start=&#8221;top&#8221; scroll_scaling_last_edited=&#8221;off|desktop&#8221; border_width_bottom=&#8221;1px&#8221; border_color_bottom=&#8221;gcid-d8b58976-c69b-4935-bcf3-803d0c8ece21&#8243; global_module=&#8221;653&#8243; saved_tabs=&#8221;all&#8221; global_colors_info=&#8221;{%22gcid-d8b58976-c69b-4935-bcf3-803d0c8ece21%22:%91%22border_color_bottom%22%93}&#8221; width__sticky_enabled=&#8221;off|sticky&#8221; width__sticky=&#8221;93%&#8221; max_height__sticky_enabled=&#8221;on|sticky&#8221; max_height__sticky=&#8221;130px&#8221;][et_pb_row _builder_version=&#8221;4.27.4&#8243; _module_preset=&#8221;default&#8221; background_color=&#8221;RGBA(255,255,255,0)&#8221; module_alignment=&#8221;center&#8221; scroll_scaling=&#8221;0|50|50|100|70|100|54%&#8221; global_colors_info=&#8221;{}&#8221;][et_pb_column type=&#8221;4_4&#8243; _builder_version=&#8221;4.27.4&#8243; _module_preset=&#8221;default&#8221; global_colors_info=&#8221;{}&#8221;][et_pb_image src=&#8221;https:\/\/www.realchangeoffice.ch\/wp-content\/uploads\/2025\/12\/header1-1.jpg&#8221; title_text=&#8221;header1&#8243; show_bottom_space=&#8221;off&#8221; align=&#8221;center&#8221; _builder_version=&#8221;4.27.5&#8243; _module_preset=&#8221;default&#8221; background_color=&#8221;RGBA(255,255,255,0)&#8221; module_alignment=&#8221;center&#8221; max_height=&#8221;150px&#8221; custom_margin=&#8221;-91px|0px|0px|0px|false|false&#8221; global_colors_info=&#8221;{}&#8221; max_height__sticky_enabled=&#8221;on|desktop&#8221; max_height__sticky=&#8221;80px&#8221; width__sticky_enabled=&#8221;off|sticky&#8221;][\/et_pb_image][et_pb_menu menu_style=&#8221;centered&#8221; active_link_color=&#8221;gcid-d8b58976-c69b-4935-bcf3-803d0c8ece21&#8243; dropdown_menu_bg_color=&#8221;gcid-d8b58976-c69b-4935-bcf3-803d0c8ece21&#8243; dropdown_menu_line_color=&#8221;gcid-d8b58976-c69b-4935-bcf3-803d0c8ece21&#8243; mobile_menu_bg_color=&#8221;#000000&#8243; show_search_icon=&#8221;on&#8221; cart_icon_color=&#8221;gcid-d8b58976-c69b-4935-bcf3-803d0c8ece21&#8243; search_icon_color=&#8221;gcid-d8b58976-c69b-4935-bcf3-803d0c8ece21&#8243; menu_icon_color=&#8221;gcid-d8b58976-c69b-4935-bcf3-803d0c8ece21&#8243; search_icon_font_size=&#8221;18px&#8221; menu_icon_font_size=&#8221;33px&#8221; menu_icon_color_tablet=&#8221;gcid-d8b58976-c69b-4935-bcf3-803d0c8ece21&#8243; menu_icon_color_phone=&#8221;gcid-d8b58976-c69b-4935-bcf3-803d0c8ece21&#8243; menu_icon_color_last_edited=&#8221;on|desktop&#8221; menu_icon_font_size_tablet=&#8221;33px&#8221; menu_icon_font_size_phone=&#8221;41px&#8221; menu_icon_font_size_last_edited=&#8221;on|phone&#8221; _builder_version=&#8221;4.27.5&#8243; _module_preset=&#8221;default&#8221; menu_font=&#8221;Akshar||||||||&#8221; menu_text_color=&#8221;gcid-d8b58976-c69b-4935-bcf3-803d0c8ece21&#8243; menu_font_size=&#8221;23px&#8221; menu_letter_spacing=&#8221;1px&#8221; background_color=&#8221;RGBA(255,255,255,0)&#8221; width=&#8221;100%&#8221; max_width=&#8221;100%&#8221; module_alignment=&#8221;center&#8221; overflow-x=&#8221;visible&#8221; overflow-y=&#8221;visible&#8221; custom_margin=&#8221;9px||-81px|0px|false|false&#8221; custom_padding=&#8221;||8px||false|false&#8221; background_color_phone=&#8221;RGBA(255,255,255,0)&#8221; background_last_edited=&#8221;on|desktop&#8221; background_enable_color_phone=&#8221;on&#8221; use_background_color_gradient_phone=&#8221;off&#8221; global_colors_info=&#8221;{%22gcid-d8b58976-c69b-4935-bcf3-803d0c8ece21%22:%91%22dropdown_menu_bg_color%22,%22dropdown_menu_line_color%22,%22cart_icon_color%22,%22search_icon_color%22,%22menu_icon_color%22,%22menu_icon_color_tablet%22,%22menu_icon_color_phone%22,%22active_link_color%22,%22menu_text_color%22%93}&#8221; logo_max_width__sticky_enabled=&#8221;off|sticky&#8221; logo_max_height__sticky_enabled=&#8221;on|sticky&#8221; logo_max_width__sticky=&#8221;100%&#8221; logo_max_height__sticky=&#8221;50px&#8221; menu_font_size__sticky_enabled=&#8221;on|desktop&#8221; menu_font_size__sticky=&#8221;17px&#8221; custom_margin__sticky_enabled=&#8221;on|desktop&#8221; custom_margin__sticky=&#8221;7px||0px||false|false&#8221; custom_padding__sticky_enabled=&#8221;on|sticky&#8221; custom_padding__sticky=&#8221;||4px||false|false&#8221; dropdown_menu_bg_color__hover_enabled=&#8221;off|hover&#8221;][\/et_pb_menu][\/et_pb_column][\/et_pb_row][\/et_pb_section][et_pb_section fb_built=&#8221;1&#8243; _builder_version=&#8221;4.27.5&#8243; _module_preset=&#8221;default&#8221; background_enable_color=&#8221;off&#8221; use_background_color_gradient=&#8221;on&#8221; background_color_gradient_direction=&#8221;43deg&#8221; background_color_gradient_stops=&#8221;#ffffff 0%|rgba(91,91,91,0.25) 100%&#8221; background_enable_mask_style=&#8221;on&#8221; background_mask_style=&#8221;chevrons&#8221; background_mask_color=&#8221;#efefef&#8221; global_colors_info=&#8221;{}&#8221;][et_pb_row _builder_version=&#8221;4.27.4&#8243; _module_preset=&#8221;default&#8221; global_colors_info=&#8221;{}&#8221;][et_pb_column type=&#8221;4_4&#8243; _builder_version=&#8221;4.27.4&#8243; _module_preset=&#8221;default&#8221; global_colors_info=&#8221;{}&#8221;][et_pb_text _builder_version=&#8221;4.27.5&#8243; _module_preset=&#8221;default&#8221; text_font_size=&#8221;18px&#8221; width=&#8221;80%&#8221; width_tablet=&#8221;67%&#8221; width_phone=&#8221;100%&#8221; width_last_edited=&#8221;on|phone&#8221; module_alignment=&#8221;center&#8221; custom_margin=&#8221;-31px||||false|false&#8221; hover_enabled=&#8221;0&#8243; global_colors_info=&#8221;{}&#8221; sticky_enabled=&#8221;0&#8243;]<\/p>\n<p>L\u2019idea di aprire un ufficio cambio anche a St. Moritz nasce dalla passione della titolare per l\u2019Engadina e dalla sua esperienza lavorativa nell\u2019ambito bancario e dalla ripresa in seguito delle attivit\u00e0 familiari presenti in Ticino.<\/p>\n<p>Dopo gli studi, la titolare matura oltre 10 anni di attivit\u00e0 bancaria, dapprima in UBS dove inizia il suo percorso professionale grazie alla formazione \u00aballround\u00bb svolta all\u2019interno della banca ed in seguito in Clariden Leu, diventata poi Credit Suisse a seguito della fusione tra le due banche. Carica di stimoli e conoscenze professionali e personali acquisiti negli anni grazie a questi due colossi,<\/p>\n<p>&nbsp;<\/p>\n<p>decide di lasciare il mondo bancario per portare avanti le attivit\u00e0 di famiglia: l\u2019odierna Lugachange SA, creata dal padre nel 1982, e la RealShop SA, fondata dal nonno nel 1952. Quest\u2019ultima ha beneficiato di una forte espansione negli ultimi anni, suddividendosi tra una stazione di benzina e diversi uffici cambio.<\/p>\n<p>[\/et_pb_text][\/et_pb_column][\/et_pb_row][et_pb_row _builder_version=&#8221;4.27.5&#8243; _module_preset=&#8221;default&#8221; width_tablet=&#8221;&#8221; width_phone=&#8221;&#8221; width_last_edited=&#8221;on|phone&#8221; custom_margin=&#8221;15px||8px||false|false&#8221; hover_enabled=&#8221;0&#8243; global_colors_info=&#8221;{}&#8221; sticky_enabled=&#8221;0&#8243;][et_pb_column type=&#8221;4_4&#8243; _builder_version=&#8221;4.27.4&#8243; _module_preset=&#8221;default&#8221; global_colors_info=&#8221;{}&#8221;][et_pb_text _builder_version=&#8221;4.27.5&#8243; _module_preset=&#8221;default&#8221; text_font_size=&#8221;18px&#8221; width=&#8221;67%&#8221; module_alignment=&#8221;center&#8221; custom_margin=&#8221;-31px||||false|false&#8221; hover_enabled=&#8221;0&#8243; global_colors_info=&#8221;{}&#8221; sticky_enabled=&#8221;0&#8243;]<\/p>\n<ul>\n<li>Offriamo il servizio di \u201cgrossista\u201d (fornire valuta estera, principalmente Euro, a uffici cambio e stazioni di benzina presenti sul territorio ticinese);<\/li>\n<\/ul>\n<p>&nbsp;<\/p>\n<ul>\n<li>Offriamo il servizio di cambio online, principalmente offerto a piccole-medie imprese che necessitano di Euro per l\u2019acquisto di materie prime o merce dai mercati limitrofi (principalmente Italia) oppure ricevono il pagamento di merce in valuta estera. Frontalieri che cambiano lo stipendio o abitanti del posto che necessitano di Euro per acquisti oltre confine o vacanze;<\/li>\n<\/ul>\n<p>&nbsp;<\/p>\n<ul>\n<li>Siamo presenti sul territorio ticinese con diversi uffici cambio rivolti direttamente al cliente finale (frontalieri, ditte, negozi, locali) e ubicati a: Lugano centro, Loreto (Lugano Sud), Ponte Tresa, Melide, Centro Breggia a Balerna, Novazzano e Pedrinate. Per ampliare la copertura sul territorio ticinese, abbiamo iniziato una collaborazione con ECSA Energy SA, proprietaria di 17 distributori, aprendo alcuni uffici cambio presso le sue stazioni di benzina.<\/li>\n<\/ul>\n<p>[\/et_pb_text][\/et_pb_column][\/et_pb_row][et_pb_row _builder_version=&#8221;4.27.4&#8243; _module_preset=&#8221;default&#8221; global_colors_info=&#8221;{}&#8221;][et_pb_column type=&#8221;4_4&#8243; _builder_version=&#8221;4.27.4&#8243; _module_preset=&#8221;default&#8221; global_colors_info=&#8221;{}&#8221;][et_pb_text _builder_version=&#8221;4.27.5&#8243; _module_preset=&#8221;default&#8221; text_font_size=&#8221;18px&#8221; width=&#8221;80%&#8221; width_tablet=&#8221;67%&#8221; width_phone=&#8221;100%&#8221; width_last_edited=&#8221;on|phone&#8221; module_alignment=&#8221;center&#8221; custom_margin=&#8221;-31px||||false|false&#8221; hover_enabled=&#8221;0&#8243; global_colors_info=&#8221;{}&#8221; sticky_enabled=&#8221;0&#8243;]<\/p>\n<p>Da anni siamo apprezzati per la nostra affidabilit\u00e0 e cortesia. Per noi sono sempre stati una priorit\u00e0 il rapporto di fiducia e la soddisfazione della clientela. Le nostre societ\u00e0 sono affiliate all\u2019organismo di autodisciplina ARIF (Association Romande des interm\u00e9diaires financiers) di Ginevra, oltre a disporre della licenza di fiduciario finanziario quale cambista.<\/p>\n<p>[\/et_pb_text][\/et_pb_column][\/et_pb_row][\/et_pb_section]<\/p>\n","protected":false},"excerpt":{"rendered":"<p>L\u2019idea di aprire un ufficio cambio anche a St. Moritz nasce dalla passione della titolare per l\u2019Engadina e dalla sua esperienza lavorativa nell\u2019ambito bancario e dalla ripresa in seguito delle attivit\u00e0 familiari presenti in Ticino. Dopo gli studi, la titolare matura oltre 10 anni di attivit\u00e0 bancaria, dapprima in UBS dove inizia il suo percorso [&hellip;]<\/p>\n","protected":false},"author":2,"featured_media":0,"parent":0,"menu_order":0,"comment_status":"closed","ping_status":"closed","template":"","meta":{"_et_pb_use_builder":"on","_et_pb_old_content":"","_et_gb_content_width":"","footnotes":""},"class_list":["post-744","page","type-page","status-publish","hentry"],"yoast_head":"<!-- This site is optimized with the Yoast SEO plugin v27.0 - https:\/\/yoast.com\/product\/yoast-seo-wordpress\/ -->\n<title>Chi Siamo - Realchangeoffice<\/title>\n<meta name=\"robots\" content=\"index, follow, max-snippet:-1, max-image-preview:large, max-video-preview:-1\" \/>\n<link rel=\"canonical\" href=\"https:\/\/www.realchangeoffice.ch\/de\/chi-siamo-realchange-realchangeoffice\/\" \/>\n<meta property=\"og:locale\" content=\"de_DE\" \/>\n<meta property=\"og:type\" content=\"article\" \/>\n<meta property=\"og:title\" content=\"Chi Siamo - Realchangeoffice\" \/>\n<meta property=\"og:description\" content=\"L\u2019idea di aprire un ufficio cambio anche a St. Moritz nasce dalla passione della titolare per l\u2019Engadina e dalla sua esperienza lavorativa nell\u2019ambito bancario e dalla ripresa in seguito delle attivit\u00e0 familiari presenti in Ticino. Dopo gli studi, la titolare matura oltre 10 anni di attivit\u00e0 bancaria, dapprima in UBS dove inizia il suo percorso [&hellip;]\" \/>\n<meta property=\"og:url\" content=\"https:\/\/www.realchangeoffice.ch\/de\/chi-siamo-realchange-realchangeoffice\/\" \/>\n<meta property=\"og:site_name\" content=\"Realchangeoffice\" \/>\n<meta property=\"article:modified_time\" content=\"2026-02-24T21:04:02+00:00\" \/>\n<meta name=\"twitter:card\" content=\"summary_large_image\" \/>\n<meta name=\"twitter:label1\" content=\"Gesch\u00e4tzte Lesezeit\" \/>\n\t<meta name=\"twitter:data1\" content=\"6\u00a0Minuten\" \/>\n<script type=\"application\/ld+json\" class=\"yoast-schema-graph\">{\"@context\":\"https:\/\/schema.org\",\"@graph\":[{\"@type\":\"WebPage\",\"@id\":\"https:\/\/www.realchangeoffice.ch\/chi-siamo-realchange-realchangeoffice\/\",\"url\":\"https:\/\/www.realchangeoffice.ch\/chi-siamo-realchange-realchangeoffice\/\",\"name\":\"Chi Siamo - Realchangeoffice\",\"isPartOf\":{\"@id\":\"https:\/\/www.realchangeoffice.ch\/#website\"},\"datePublished\":\"2025-12-20T13:16:02+00:00\",\"dateModified\":\"2026-02-24T21:04:02+00:00\",\"breadcrumb\":{\"@id\":\"https:\/\/www.realchangeoffice.ch\/chi-siamo-realchange-realchangeoffice\/#breadcrumb\"},\"inLanguage\":\"de\",\"potentialAction\":[{\"@type\":\"ReadAction\",\"target\":[\"https:\/\/www.realchangeoffice.ch\/chi-siamo-realchange-realchangeoffice\/\"]}]},{\"@type\":\"BreadcrumbList\",\"@id\":\"https:\/\/www.realchangeoffice.ch\/chi-siamo-realchange-realchangeoffice\/#breadcrumb\",\"itemListElement\":[{\"@type\":\"ListItem\",\"position\":1,\"name\":\"Home\",\"item\":\"https:\/\/www.realchangeoffice.ch\/\"},{\"@type\":\"ListItem\",\"position\":2,\"name\":\"Chi Siamo\"}]},{\"@type\":\"WebSite\",\"@id\":\"https:\/\/www.realchangeoffice.ch\/#website\",\"url\":\"https:\/\/www.realchangeoffice.ch\/\",\"name\":\"Realchangeoffice\",\"description\":\"Cambio valute Online\",\"potentialAction\":[{\"@type\":\"SearchAction\",\"target\":{\"@type\":\"EntryPoint\",\"urlTemplate\":\"https:\/\/www.realchangeoffice.ch\/?s={search_term_string}\"},\"query-input\":{\"@type\":\"PropertyValueSpecification\",\"valueRequired\":true,\"valueName\":\"search_term_string\"}}],\"inLanguage\":\"de\"}]}<\/script>\n<!-- \/ Yoast SEO plugin. -->","yoast_head_json":{"title":"Chi Siamo - Realchangeoffice","robots":{"index":"index","follow":"follow","max-snippet":"max-snippet:-1","max-image-preview":"max-image-preview:large","max-video-preview":"max-video-preview:-1"},"canonical":"https:\/\/www.realchangeoffice.ch\/de\/chi-siamo-realchange-realchangeoffice\/","og_locale":"de_DE","og_type":"article","og_title":"Chi Siamo - Realchangeoffice","og_description":"L\u2019idea di aprire un ufficio cambio anche a St. Moritz nasce dalla passione della titolare per l\u2019Engadina e dalla sua esperienza lavorativa nell\u2019ambito bancario e dalla ripresa in seguito delle attivit\u00e0 familiari presenti in Ticino. Dopo gli studi, la titolare matura oltre 10 anni di attivit\u00e0 bancaria, dapprima in UBS dove inizia il suo percorso [&hellip;]","og_url":"https:\/\/www.realchangeoffice.ch\/de\/chi-siamo-realchange-realchangeoffice\/","og_site_name":"Realchangeoffice","article_modified_time":"2026-02-24T21:04:02+00:00","twitter_card":"summary_large_image","twitter_misc":{"Gesch\u00e4tzte Lesezeit":"6\u00a0Minuten"},"schema":{"@context":"https:\/\/schema.org","@graph":[{"@type":"WebPage","@id":"https:\/\/www.realchangeoffice.ch\/chi-siamo-realchange-realchangeoffice\/","url":"https:\/\/www.realchangeoffice.ch\/chi-siamo-realchange-realchangeoffice\/","name":"Chi Siamo - Realchangeoffice","isPartOf":{"@id":"https:\/\/www.realchangeoffice.ch\/#website"},"datePublished":"2025-12-20T13:16:02+00:00","dateModified":"2026-02-24T21:04:02+00:00","breadcrumb":{"@id":"https:\/\/www.realchangeoffice.ch\/chi-siamo-realchange-realchangeoffice\/#breadcrumb"},"inLanguage":"de","potentialAction":[{"@type":"ReadAction","target":["https:\/\/www.realchangeoffice.ch\/chi-siamo-realchange-realchangeoffice\/"]}]},{"@type":"BreadcrumbList","@id":"https:\/\/www.realchangeoffice.ch\/chi-siamo-realchange-realchangeoffice\/#breadcrumb","itemListElement":[{"@type":"ListItem","position":1,"name":"Home","item":"https:\/\/www.realchangeoffice.ch\/"},{"@type":"ListItem","position":2,"name":"Chi Siamo"}]},{"@type":"WebSite","@id":"https:\/\/www.realchangeoffice.ch\/#website","url":"https:\/\/www.realchangeoffice.ch\/","name":"Realchangeoffice","description":"Cambio valute Online","potentialAction":[{"@type":"SearchAction","target":{"@type":"EntryPoint","urlTemplate":"https:\/\/www.realchangeoffice.ch\/?s={search_term_string}"},"query-input":{"@type":"PropertyValueSpecification","valueRequired":true,"valueName":"search_term_string"}}],"inLanguage":"de"}]}},"_links":{"self":[{"href":"https:\/\/www.realchangeoffice.ch\/de\/wp-json\/wp\/v2\/pages\/744","targetHints":{"allow":["GET"]}}],"collection":[{"href":"https:\/\/www.realchangeoffice.ch\/de\/wp-json\/wp\/v2\/pages"}],"about":[{"href":"https:\/\/www.realchangeoffice.ch\/de\/wp-json\/wp\/v2\/types\/page"}],"author":[{"embeddable":true,"href":"https:\/\/www.realchangeoffice.ch\/de\/wp-json\/wp\/v2\/users\/2"}],"replies":[{"embeddable":true,"href":"https:\/\/www.realchangeoffice.ch\/de\/wp-json\/wp\/v2\/comments?post=744"}],"version-history":[{"count":5,"href":"https:\/\/www.realchangeoffice.ch\/de\/wp-json\/wp\/v2\/pages\/744\/revisions"}],"predecessor-version":[{"id":912,"href":"https:\/\/www.realchangeoffice.ch\/de\/wp-json\/wp\/v2\/pages\/744\/revisions\/912"}],"wp:attachment":[{"href":"https:\/\/www.realchangeoffice.ch\/de\/wp-json\/wp\/v2\/media?parent=744"}],"curies":[{"name":"wp","href":"https:\/\/api.w.org\/{rel}","templated":true}]}}